{"id":183,"date":"2023-01-02T15:53:08","date_gmt":"2023-01-02T15:53:08","guid":{"rendered":"https:\/\/jordbromoske.com\/?page_id=183"},"modified":"2023-01-04T15:27:25","modified_gmt":"2023-01-04T15:27:25","slug":"sociala-och-fritidsaktiviteter","status":"publish","type":"page","link":"https:\/\/jordbromoske.com\/index.php\/sociala-och-fritidsaktiviteter\/","title":{"rendered":"Sociala och fritidsaktiviteter"},"content":{"rendered":"<!--themify_builder_content-->\r\n<div id=\"themify_builder_content-183\" data-postid=\"183\" class=\"themify_builder_content themify_builder_content-183 themify_builder tf_clear\">\r\n    \t\t\t<!-- module_row -->\r\n\t<div  data-css_id=\"f816183\" id=\"header\" data-lazy=\"1\" class=\"module_row themify_builder_row fullwidth tb_f816183 tb_first tf_w tf_clearfix\">\r\n\t    \t    <div class=\"tf_hide row-slider tb_slider\" data-bgmode=\"kenburns-effect\" data-sliderspeed=\"2000\">\r\n\t        <ul class=\"tf_abs row-slider-slides tf_clearfix\">\r\n\t    \t\t\t<li data-bg=\"https:\/\/jordbromoske.com\/wp-content\/uploads\/2023\/01\/golfer.jpg\" data-bg-alt=\"\" class=\"normal\">\r\n\t\t\t    <a href=\"javascript:;\" rel=\"nofollow\" class=\"row-slider-dot\" data-index=\"0\"><\/a>\r\n\t\t\t<\/li>\r\n\t\t\t\t\t<li data-bg=\"https:\/\/jordbromoske.com\/wp-content\/uploads\/2023\/01\/nsplsh_6a786665336f7243344738_mv2_d_5472_3648_s_4_2-1-1.webp\" data-bg-alt=\"\" class=\"normal\">\r\n\t\t\t    <a href=\"javascript:;\" rel=\"nofollow\" class=\"row-slider-dot\" data-index=\"1\"><\/a>\r\n\t\t\t<\/li>\r\n\t\t\t\t\t<li data-bg=\"https:\/\/jordbromoske.com\/wp-content\/uploads\/2023\/01\/07411a_ce750cab0dd74f5e918cf43d095efcec_mv2.webp\" data-bg-alt=\"\" class=\"normal\">\r\n\t\t\t    <a href=\"javascript:;\" rel=\"nofollow\" class=\"row-slider-dot\" data-index=\"2\"><\/a>\r\n\t\t\t<\/li>\r\n\t\t\t        <\/ul>\r\n\t        <div class=\"row-slider-nav tf_abs_t tf_w\">\r\n\t    \t<a href=\"javascript:;\" rel=\"nofollow\" class=\"row-slider-arrow row-slider-prev tf_hidden tf_abs_t\"><\/a>\r\n\t    \t<a href=\"javascript:;\" rel=\"nofollow\" class=\"row-slider-arrow row-slider-next tf_hidden tf_abs_t\"><\/a>\r\n\t        <\/div>\r\n\t    <\/div>\r\n\t    <!-- \/.row-bgs -->\r\n\t    \t\t\t<div class=\"row_inner col_align_top tb_col_count_1 tf_box tf_rel\">\r\n\t\t            <div  data-lazy=\"1\" class=\"module_column tb-column col-full tb_lx5h183 first\">\r\n                                                        <div class=\"tb-column-inner tf_box tf_w\">\r\n                        \t<div  data-lazy=\"1\" class=\"module_subrow themify_builder_sub_row tb_v71a186 tf_w tf_clearfix\">\r\n\t    \t\t\t<div class=\"subrow_inner col_align_middle tb_col_count_3 tf_box tf_w\">\r\n\t\t            <div  data-lazy=\"1\" class=\"module_column sub_column col4-1 tb_djy5187 first\">\r\n                                                        <div class=\"tb-column-inner tf_box tf_w\">\r\n                        <!-- module text -->\r\n<div  class=\"module module-text tb_639e187  repeat \" data-lazy=\"1\">\r\n        <div  class=\"tb_text_wrap\">\r\n    <p><a href=\"https:\/\/jordbromoske.com\/\"><img decoding=\"async\" loading=\"lazy\" class=\"alignnone size-medium wp-image-7\" src=\"https:\/\/jordbromoske.com\/wp-content\/uploads\/2023\/01\/e4f5ab30-ead1-49cd-a17f-77777ea81593-removebg-preview-1-300x252.png\" alt=\"\" width=\"171\" height=\"144\" srcset=\"https:\/\/jordbromoske.com\/wp-content\/uploads\/2023\/01\/e4f5ab30-ead1-49cd-a17f-77777ea81593-removebg-preview-1-300x252.png 300w, https:\/\/jordbromoske.com\/wp-content\/uploads\/2023\/01\/e4f5ab30-ead1-49cd-a17f-77777ea81593-removebg-preview-1-206x173.png 206w, https:\/\/jordbromoske.com\/wp-content\/uploads\/2023\/01\/e4f5ab30-ead1-49cd-a17f-77777ea81593-removebg-preview-1.png 401w\" sizes=\"(max-width: 171px) 100vw, 171px\" \/><\/a><\/p>    <\/div>\r\n<\/div>\r\n<!-- \/module text -->                    <\/div>\r\n                            <\/div>\r\n                        <div  data-lazy=\"1\" class=\"module_column sub_column col4-2 tb_af68188\">\r\n                                                        <div class=\"tb-column-inner tf_box tf_w\">\r\n                        <!-- module menu -->\r\n<div  class=\"module module-menu tb_042o188  mobile-menu-slide\" data-menu-style=\"mobile-menu-slide\" data-menu-breakpoint=\"500\" data-menu-direction=\"right\" data-element-id=\"tb_042o188\" data-lazy=\"1\">\r\n    \t\t<style>\r\n\t\t\t@media(max-width:500px){\r\n\t\t\t\t.tb_042o188 .menu-module-burger{\r\n\t\t\t\t\tdisplay:inherit\r\n\t\t\t\t}\r\n\t\t\t\t.tb_042o188 .module-menu-container{\r\n\t\t\t\t\tdisplay:none\r\n\t\t\t\t}\r\n\t\t\t\t.tb_042o188 .module-menu-container.is-open{\r\n\t\t\t\t\tdisplay:inline-block\r\n\t\t\t\t}\r\n\t\t\t}\r\n\t\t<\/style>\r\n\t\t<a rel=\"nofollow\" href=\"#\" class=\"tf_hide menu-module-burger\">\r\n\t\t\t<span class=\"menu-module-burger-inner tf_inline_b tf_rel\"><\/span>\r\n\t\t\t<span class=\"screen-reader-text\">Menu<\/span>\r\n\t\t<\/a>\r\n\t\t\r\n\t<div class=\"module-menu-container\"><ul id=\"menu-main-menu\" class=\"ui tf_clearfix nav tf_rel fullwidth transparent\"><li id=\"menu-item-10\" class=\"menu-item-custom-10 menu-item menu-item-type-custom menu-item-object-custom current-menu-item current_page_item menu-item-home menu-item-10\"><a href=\"https:\/\/jordbromoske.com\/\" aria-current=\"page\">Hem<\/a><\/li>\n<li id=\"menu-item-11\" class=\"menu-item-custom-11 menu-item menu-item-type-custom menu-item-object-custom menu-item-11\"><a href=\"https:\/\/jordbromoske.com\/index.php\/hom\/om-oss\/\">Om Oss<\/a><\/li>\n<li id=\"menu-item-12\" class=\"menu-item-custom-12 menu-item menu-item-type-custom menu-item-object-custom menu-item-has-children menu-item-12\"><a href=\"https:\/\/jordbromoske.com\/index.php\/mer-an-bara-en-moske-vara-tjanster\/\">V\u00e5ra Tj\u00e4nster<span class=\"child-arrow closed\" tabindex=\"-1\"><\/span><\/a>\n<ul class=\"sub-menu\">\n\t<li id=\"menu-item-13\" class=\"menu-item-custom-13 menu-item menu-item-type-custom menu-item-object-custom menu-item-13 menu-custom-13-parent-12\"><a href=\"https:\/\/jordbromoske.com\/index.php\/undervisning-och-laxhjalp\/\">Undervisning och L\u00e4xhj\u00e4lp<\/a><\/li>\n\t<li id=\"menu-item-14\" class=\"menu-item-custom-14 menu-item menu-item-type-custom menu-item-object-custom menu-item-14 menu-custom-14-parent-12\"><a href=\"https:\/\/jordbromoske.com\/index.php\/sociala-och-fritidsaktiviteter\/\">Fritid och Socialaktiviteter<\/a><\/li>\n\t<li id=\"menu-item-15\" class=\"menu-item-custom-15 menu-item menu-item-type-custom menu-item-object-custom menu-item-15 menu-custom-15-parent-12\"><a href=\"https:\/\/jordbromoske.com\/index.php\/hajj-umrah-organisationer\/\">Hajj &#038; Umrah organisationer<\/a><\/li>\n\t<li id=\"menu-item-16\" class=\"menu-item-custom-16 menu-item menu-item-type-custom menu-item-object-custom menu-item-16 menu-custom-16-parent-12\"><a href=\"https:\/\/jordbromoske.com\/index.php\/islamiska-aktenskap-nikah\/\">Vigselr\u00e4tt<\/a><\/li>\n\t<li id=\"menu-item-17\" class=\"menu-item-custom-17 menu-item menu-item-type-custom menu-item-object-custom menu-item-17 menu-custom-17-parent-12\"><a href=\"https:\/\/jordbromoske.com\/index.php\/begravningsorganisationer-janazah\/\">Begravningsceremoni<\/a><\/li>\n<\/ul>\n<\/li>\n<li id=\"menu-item-18\" class=\"menu-item-custom-18 menu-item menu-item-type-custom menu-item-object-custom menu-item-18\"><a href=\"https:\/\/jordbromoske.com\/index.php\/bli-medlem-i-sollentuna-moske\/\">Bli Medlem i Mosken<\/a><\/li>\n<li id=\"menu-item-19\" class=\"menu-item-custom-19 menu-item menu-item-type-custom menu-item-object-custom menu-item-19\"><a href=\"https:\/\/jordbromoske.com\/index.php\/kontakt\/\">Kontakt<\/a><\/li>\n<\/ul><\/div>\t\t<style>\r\n\t\t\t.mobile-menu-module[data-module=\"tb_042o188\"]{\r\n\t\t\t\tright:-300px\t\t\t}\r\n\t\t<\/style>\r\n\t<\/div>\r\n<!-- \/module menu -->\r\n                    <\/div>\r\n                            <\/div>\r\n                        <div  data-lazy=\"1\" class=\"module_column sub_column col4-1 tb_hp1d188 last\">\r\n                                                <\/div>\r\n            \t    <\/div>\r\n\t<\/div><!-- \/themify_builder_sub_row -->\r\n\t                    <\/div>\r\n                            <\/div>\r\n            \t    <\/div>\r\n\t    <!-- \/row_inner -->\r\n\t<\/div>\r\n\t<!-- \/module_row -->\r\n\t\t\t\t<!-- module_row -->\r\n\t<div  data-lazy=\"1\" class=\"module_row themify_builder_row tb_9tal641 tf_w tf_clearfix\">\r\n\t    \t\t\t<div class=\"row_inner col_align_top tb_col_count_1 tf_box tf_rel\">\r\n\t\t            <div  data-lazy=\"1\" class=\"module_column tb-column col-full tb_es2x641 first\">\r\n                                                        <div class=\"tb-column-inner tf_box tf_w\">\r\n                        <!-- module text -->\r\n<div  class=\"module module-text tb_e1es641  repeat \" data-lazy=\"1\">\r\n        <div  class=\"tb_text_wrap\">\r\n    <section id=\"comp-jfuu85hj\" class=\"comp-jfuu85hj Lw0u6i\">\n<div class=\"So7Ias\" data-testid=\"columns\">\n<div id=\"comp-jfuu85hz\" class=\"comp-jfuu85hz YzqVVZ\">\n<div class=\"\" data-mesh-id=\"comp-jfuu85hzinlineContent\" data-testid=\"inline-content\">\n<div data-mesh-id=\"comp-jfuu85hzinlineContent-gridContainer\" data-testid=\"mesh-container-content\">\n<div id=\"comp-jfuu85i3\" class=\"BaOVQ8 tz5f0K comp-jfuu85i3\" data-testid=\"richTextElement\">\n<section id=\"comp-kdkbz3c3\" class=\"comp-kdkbz3c3 Lw0u6i\">\n<div class=\"So7Ias\" data-testid=\"columns\">\n<div id=\"comp-kdkbz3e2\" class=\"comp-kdkbz3e2 YzqVVZ\">\n<div class=\"\" data-mesh-id=\"comp-kdkbz3e2inlineContent\" data-testid=\"inline-content\">\n<div data-mesh-id=\"comp-kdkbz3e2inlineContent-gridContainer\" data-testid=\"mesh-container-content\">\n<div id=\"comp-kdkbz3e4\" class=\"BaOVQ8 tz5f0K comp-kdkbz3e4\" data-testid=\"richTextElement\">\n<h1 class=\"font_0\">Sociala och fritidsaktiviteter<\/h1>\n<\/div>\n<\/div>\n<\/div>\n<\/div>\n<\/div>\n<\/section>\n<div id=\"comp-kdkbz3co\" class=\"BaOVQ8 tz5f0K comp-kdkbz3co\" data-testid=\"richTextElement\">\u00a0<\/div>\n<\/div>\n<\/div>\n<\/div>\n<\/div>\n<\/div>\n<\/section>\n<section id=\"comp-jfuuh3hi\" class=\"comp-jfuuh3hi Lw0u6i\">\n<div id=\"bgLayers_comp-jfuuh3hi\" class=\"MW5IWV\" data-hook=\"bgLayers\">\u00a0<\/div>\n<\/section>    <\/div>\r\n<\/div>\r\n<!-- \/module text -->                    <\/div>\r\n                            <\/div>\r\n            \t    <\/div>\r\n\t    <!-- \/row_inner -->\r\n\t<\/div>\r\n\t<!-- \/module_row -->\r\n\t\t\t\t<!-- module_row -->\r\n\t<div  data-lazy=\"1\" class=\"module_row themify_builder_row tb_013s519 tf_w tf_clearfix\">\r\n\t    \t\t\t<div class=\"row_inner col_align_top tb_col_count_1 tf_box tf_rel\">\r\n\t\t            <div  data-lazy=\"1\" class=\"module_column tb-column col-full tb_16fp519 first\">\r\n                                                        <div class=\"tb-column-inner tf_box tf_w\">\r\n                        <!-- module text -->\r\n<div  class=\"module module-text tb_8k13522   \" data-lazy=\"1\">\r\n        <div  class=\"tb_text_wrap\">\r\n    <h4 class=\"font_0\" style=\"margin: 0px; padding: 0px; border: 0px; outline: 0px; vertical-align: baseline; background: transparent; pointer-events: auto; font-size: 21px; line-height: normal; text-align: center;\"><span style=\"margin: 0px; padding: 0px; border: 0px; outline: 0px; vertical-align: baseline; background: transparent;\"><span style=\"margin: 0px; padding: 0px; border: 0px; outline: 0px; vertical-align: baseline; background: transparent; font-family: poppins-extralight, poppins, sans-serif;\"><span style=\"margin: 0px; padding: 0px; border: 0px; outline: 0px; vertical-align: baseline; background: transparent; color: #000000;\">Aktiva samh\u00e4llsbyggande initiativ organiseras under \u00e5ret \u2013 s\u00e4rskilt f\u00f6r v\u00e5r ungdom \u2013 som sportaktiviteter, utflykter, studiebes\u00f6k, studentutbyte och v\u00e5r \u00e5rliga v\u00e4lg\u00f6renhetsm\u00e4ssa.<\/span><\/span><\/span><\/h4>    <\/div>\r\n<\/div>\r\n<!-- \/module text --><!-- module video -->\r\n<div  class=\"module module-video tb_or35349 video-top  \" data-lazy=\"1\">\r\n    \t\t\t\t<div class=\"video-wrap-outer\">\r\n\t\t\t<div class=\"video-wrap tf_rel tf_overflow\">\r\n\t\t\t\t\t\t\t\t\t<noscript><iframe data-no-script src=\"https:\/\/www.youtube.com\/embed\/7vJIqr0UVio?pip=1&playsinline=1&autohide=1&border=0&wmode=opaque\" allow=\"accelerometer;encrypted-media;gyroscope;picture-in-picture\" class=\"tf_abs tf_w tf_h\"><\/iframe><\/noscript>\r\n\t\t\t\t    \t\t\t<\/div>\r\n\t\t\t<!-- \/video-wrap -->\r\n\t\t<\/div>\r\n\t\t<!-- \/video-wrap-outer -->\r\n\t\t\t<\/div>\r\n                    <\/div>\r\n                            <\/div>\r\n            \t    <\/div>\r\n\t    <!-- \/row_inner -->\r\n\t<\/div>\r\n\t<!-- \/module_row -->\r\n\t\t\t\t<!-- module_row -->\r\n\t<div  data-lazy=\"1\" class=\"module_row themify_builder_row tb_jasi38 tf_w tf_clearfix\">\r\n\t    \t\t\t<div class=\"row_inner col_align_top tb_col_count_1 tf_box tf_rel\">\r\n\t\t            <div  data-lazy=\"1\" class=\"module_column tb-column col-full tb_hyjg39 first\">\r\n                                                        <div class=\"tb-column-inner tf_box tf_w\">\r\n                        <!-- module text -->\r\n<div  class=\"module module-text tb_10yt39  repeat \" data-lazy=\"1\">\r\n        <div  class=\"tb_text_wrap\">\r\n    <section id=\"comp-jfuu85hj\" class=\"comp-jfuu85hj Lw0u6i\">\n<div class=\"So7Ias\" data-testid=\"columns\">\n<div id=\"comp-jfuu85hz\" class=\"comp-jfuu85hz YzqVVZ\">\n<div class=\"\" data-mesh-id=\"comp-jfuu85hzinlineContent\" data-testid=\"inline-content\">\n<div data-mesh-id=\"comp-jfuu85hzinlineContent-gridContainer\" data-testid=\"mesh-container-content\">\n<div id=\"comp-jfuu85i3\" class=\"BaOVQ8 tz5f0K comp-jfuu85i3\" data-testid=\"richTextElement\">\n<div id=\"comp-jfv74a7q\" class=\"BaOVQ8 tz5f0K comp-jfv74a7q\" data-testid=\"richTextElement\">\n<h2 class=\"font_7\" style=\"text-align: center;\"><span class=\"color_11\">Vi beh\u00f6ver ditt st\u00f6d idag<\/span><\/h2>\n<\/div>\n<div id=\"comp-jfv74u3w\" class=\"comp-jfv74u3w R6ex7N\" aria-disabled=\"false\">\u00a0<\/div>\n<\/div>\n<\/div>\n<\/div>\n<\/div>\n<\/div>\n<\/section>\n<section id=\"comp-jfuuh3hi\" class=\"comp-jfuuh3hi Lw0u6i\">\n<div id=\"bgLayers_comp-jfuuh3hi\" class=\"MW5IWV\" data-hook=\"bgLayers\">\u00a0<\/div>\n<\/section>    <\/div>\r\n<\/div>\r\n<!-- \/module text --><!-- module buttons -->\r\n<div  class=\"module module-buttons tb_73b9795 buttons-horizontal solid \" data-lazy=\"1\">\r\n    \t<div class=\"module-buttons-item tf_inline_b\">\r\n\t\t\t\t\t\t\t<a href=\"https:\/\/jordbromoske.com\/index.php\/ditt-bidrag-gor-skillnad\/\" class=\"ui builder_button green\" target=\"_blank\" rel=\"noopener\">\r\n\t\t\t\t\t\t\t\t\t\t\t<span class=\"tf_inline_b tf_vmiddle\">DONERA<\/span>\r\n\t\t\t\t\t\t\t\t\t\t\t<\/a>\r\n\t\t\t    \t<\/div>\r\n    <\/div>\r\n<!-- \/module buttons -->\r\n                    <\/div>\r\n                            <\/div>\r\n            \t    <\/div>\r\n\t    <!-- \/row_inner -->\r\n\t<\/div>\r\n\t<!-- \/module_row -->\r\n\t\t\t\t<!-- module_row -->\r\n\t<div  data-css_id=\"l99q713\" data-lazy=\"1\" class=\"module_row themify_builder_row fullwidth tb_l99q713 tf_w tf_clearfix\">\r\n\t    <div class=\"builder_row_cover tf_abs\"><\/div>\t\t\t<div class=\"row_inner col_align_top gutter-narrow tb_col_count_3 tf_box tf_rel\">\r\n\t\t            <div  data-lazy=\"1\" class=\"module_column tb-column col3-1 tb_4bv9713 first\">\r\n                                                        <div class=\"tb-column-inner tf_box tf_w\">\r\n                        <!-- module image -->\r\n<div  class=\"module module-image tb_ylk6713   image-center tf_mw\" data-lazy=\"1\">\r\n        <div class=\"image-wrap tf_rel tf_mw\">\r\n\t\t    <img src=\"https:\/\/jordbromoske.com\/wp-content\/uploads\/2023\/01\/e4f5ab30-ead1-49cd-a17f-77777ea81593-removebg-preview-1-190x197.png\" width=\"190\" height=\"197\" class=\"wp-post-image wp-image-7\" title=\"e4f5ab30-ead1-49cd-a17f-77777ea81593-removebg-preview (1)\" alt=\"V\u00e5ra elever betyder allt f\u00f6r oss!\">\t\r\n\t\t<\/div>\r\n\t<!-- \/image-wrap -->\r\n    \r\n    \t<div class=\"image-content\">\r\n\t    \r\n\t    \t\t<div class=\"image-caption tb_text_wrap\">\r\n\t\t    V\u00e5ra elever betyder allt f\u00f6r oss!\t    <\/div>\r\n\t    <!-- \/image-caption -->\r\n\t    \t<\/div>\r\n\t<!-- \/image-content -->\r\n    \t<\/div>\r\n<!-- \/module image -->                    <\/div>\r\n                            <\/div>\r\n                        <div  data-lazy=\"1\" class=\"module_column tb-column col3-1 tb_3m4p713\">\r\n                                                        <div class=\"tb-column-inner tf_box tf_w\">\r\n                        <!-- module menu -->\r\n<div  class=\"module module-menu tb_nacq876  mobile-menu-slide\" data-menu-style=\"mobile-menu-slide\" data-menu-breakpoint=\"0\" data-element-id=\"tb_nacq876\" data-lazy=\"1\">\r\n    <h3 class=\"module-title\">Snabb L\u00e4nks<\/h3>\t\r\n\t<div class=\"module-menu-container\"><ul id=\"menu-main-menu\" class=\"ui tf_clearfix nav tf_rel vertical blue rounded gradient glossy embossed shadow\"><li id=\"menu-item-10\" class=\"menu-item-custom-10 menu-item menu-item-type-custom menu-item-object-custom menu-item-home menu-item-10\"><a href=\"https:\/\/jordbromoske.com\/\">Hem<\/a><\/li>\n<li id=\"menu-item-11\" class=\"menu-item-custom-11 menu-item menu-item-type-custom menu-item-object-custom menu-item-11\"><a href=\"https:\/\/jordbromoske.com\/index.php\/hom\/om-oss\/\">Om Oss<\/a><\/li>\n<li id=\"menu-item-12\" class=\"menu-item-custom-12 menu-item menu-item-type-custom menu-item-object-custom current-menu-ancestor current-menu-parent menu-item-has-children menu-item-12\"><a href=\"https:\/\/jordbromoske.com\/index.php\/mer-an-bara-en-moske-vara-tjanster\/\">V\u00e5ra Tj\u00e4nster<span class=\"child-arrow closed\" tabindex=\"-1\"><\/span><\/a>\n<ul class=\"sub-menu\">\n\t<li id=\"menu-item-13\" class=\"menu-item-custom-13 menu-item menu-item-type-custom menu-item-object-custom menu-item-13 menu-custom-13-parent-12\"><a href=\"https:\/\/jordbromoske.com\/index.php\/undervisning-och-laxhjalp\/\">Undervisning och L\u00e4xhj\u00e4lp<\/a><\/li>\n\t<li id=\"menu-item-14\" class=\"menu-item-custom-14 menu-item menu-item-type-custom menu-item-object-custom menu-item-14 menu-custom-14-parent-12\"><a href=\"https:\/\/jordbromoske.com\/index.php\/sociala-och-fritidsaktiviteter\/\">Fritid och Socialaktiviteter<\/a><\/li>\n\t<li id=\"menu-item-15\" class=\"menu-item-custom-15 menu-item menu-item-type-custom menu-item-object-custom current-menu-item menu-item-15 menu-custom-15-parent-12\"><a href=\"https:\/\/jordbromoske.com\/index.php\/hajj-umrah-organisationer\/\" aria-current=\"page\">Hajj &#038; Umrah organisationer<\/a><\/li>\n\t<li id=\"menu-item-16\" class=\"menu-item-custom-16 menu-item menu-item-type-custom menu-item-object-custom menu-item-16 menu-custom-16-parent-12\"><a href=\"https:\/\/jordbromoske.com\/index.php\/islamiska-aktenskap-nikah\/\">Vigselr\u00e4tt<\/a><\/li>\n\t<li id=\"menu-item-17\" class=\"menu-item-custom-17 menu-item menu-item-type-custom menu-item-object-custom menu-item-17 menu-custom-17-parent-12\"><a href=\"https:\/\/jordbromoske.com\/index.php\/begravningsorganisationer-janazah\/\">Begravningsceremoni<\/a><\/li>\n<\/ul>\n<\/li>\n<li id=\"menu-item-18\" class=\"menu-item-custom-18 menu-item menu-item-type-custom menu-item-object-custom menu-item-18\"><a href=\"https:\/\/jordbromoske.com\/index.php\/bli-medlem-i-sollentuna-moske\/\">Bli Medlem i Mosken<\/a><\/li>\n<li id=\"menu-item-19\" class=\"menu-item-custom-19 menu-item menu-item-type-custom menu-item-object-custom menu-item-19\"><a href=\"https:\/\/jordbromoske.com\/index.php\/kontakt\/\">Kontakt<\/a><\/li>\n<\/ul><\/div>\t\t<style>\r\n\t\t\t.mobile-menu-module[data-module=\"tb_nacq876\"]{\r\n\t\t\t\tright:-300px\t\t\t}\r\n\t\t<\/style>\r\n\t<\/div>\r\n<!-- \/module menu -->\r\n                    <\/div>\r\n                            <\/div>\r\n                        <div  data-lazy=\"1\" class=\"module_column tb-column col3-1 tb_qx0z714 last\">\r\n                                                        <div class=\"tb-column-inner tf_box tf_w\">\r\n                        <!-- module icon -->\r\n<div  class=\"module module-icon tb_i5td889  small none icon_vertical \" data-lazy=\"1\">\r\n        <div class=\"module-icon-item\">\r\n\t    \t\t\t\t\t\t    <em class=\"tf_box\" style=\"background-color:#ffffff;color:#000000\"><svg  class=\"tf_fa tf-ti-location-pin\" aria-hidden=\"true\"><use href=\"#tf-ti-location-pin\"><\/use><\/svg><\/em>\r\n\t\t\t\t\t\t    \t    \t    <span>Moranv\u00e4gen 25 post nummmer 137 64\u00a0<\/span>\r\n\t\t    \t\t\t\t        <\/div>\r\n\t        <div class=\"module-icon-item\">\r\n\t    \t\t\t\t\t\t    <em class=\"tf_box\" style=\"background-color:#ffffff;color:#000000\"><svg  class=\"tf_fa tf-ti-mobile\" aria-hidden=\"true\"><use href=\"#tf-ti-mobile\"><\/use><\/svg><\/em>\r\n\t\t\t\t\t\t    \t    \t    <span>+46 73-871 37 42<\/span>\r\n\t\t    \t\t\t\t        <\/div>\r\n\t        <div class=\"module-icon-item\">\r\n\t    \t\t\t\t\t\t    <em class=\"tf_box\" style=\"background-color:#ffffff;color:#000000\"><svg  class=\"tf_fa tf-ti-mobile\" aria-hidden=\"true\"><use href=\"#tf-ti-mobile\"><\/use><\/svg><\/em>\r\n\t\t\t\t\t\t    \t    \t    <span>076 586 3556<\/span>\r\n\t\t    \t\t\t\t        <\/div>\r\n\t<\/div>\r\n<!-- \/module icon -->\r\n                    <\/div>\r\n                            <\/div>\r\n            \t    <\/div>\r\n\t    <!-- \/row_inner -->\r\n\t<\/div>\r\n\t<!-- \/module_row -->\r\n\t<\/div>\r\n<!--\/themify_builder_content-->\r\n<\/p>","protected":false},"excerpt":{"rendered":"<p>Menu Hem Om Oss V\u00e5ra Tj\u00e4nster Undervisning och L\u00e4xhj\u00e4lp Fritid och Socialaktiviteter Hajj &#038; Umrah organisationer Vigselr\u00e4tt Begravningsceremoni Bli Medlem i Mosken Kontakt Sociala och fritidsaktiviteter \u00a0 \u00a0 Aktiva samh\u00e4llsbyggande initiativ organiseras under \u00e5ret \u2013 s\u00e4rskilt f\u00f6r v\u00e5r ungdom \u2013 som sportaktiviteter, utflykter, studiebes\u00f6k, studentutbyte och v\u00e5r \u00e5rliga v\u00e4lg\u00f6renhetsm\u00e4ssa. Vi beh\u00f6ver ditt st\u00f6d idag \u00a0 [&hellip;]<\/p>\n","protected":false},"author":1,"featured_media":0,"parent":0,"menu_order":0,"comment_status":"closed","ping_status":"closed","template":"","meta":[],"_links":{"self":[{"href":"https:\/\/jordbromoske.com\/index.php\/wp-json\/wp\/v2\/pages\/183"}],"collection":[{"href":"https:\/\/jordbromoske.com\/index.php\/wp-json\/wp\/v2\/pages"}],"about":[{"href":"https:\/\/jordbromoske.com\/index.php\/wp-json\/wp\/v2\/types\/page"}],"author":[{"embeddable":true,"href":"https:\/\/jordbromoske.com\/index.php\/wp-json\/wp\/v2\/users\/1"}],"replies":[{"embeddable":true,"href":"https:\/\/jordbromoske.com\/index.php\/wp-json\/wp\/v2\/comments?post=183"}],"version-history":[{"count":11,"href":"https:\/\/jordbromoske.com\/index.php\/wp-json\/wp\/v2\/pages\/183\/revisions"}],"predecessor-version":[{"id":423,"href":"https:\/\/jordbromoske.com\/index.php\/wp-json\/wp\/v2\/pages\/183\/revisions\/423"}],"wp:attachment":[{"href":"https:\/\/jordbromoske.com\/index.php\/wp-json\/wp\/v2\/media?parent=183"}],"curies":[{"name":"wp","href":"https:\/\/api.w.org\/{rel}","templated":true}]}}